{"id":1216,"date":"2026-03-02T12:55:32","date_gmt":"2026-03-02T12:55:32","guid":{"rendered":"https:\/\/gerhardeujen.de\/?page_id=1216"},"modified":"2026-03-03T08:45:34","modified_gmt":"2026-03-03T08:45:34","slug":"custom-paint-auftraege","status":"publish","type":"page","link":"https:\/\/gerhardeujen.de\/en\/custom-paint-auftraege\/","title":{"rendered":"Custom Paint Auftr\u00e4ge"},"content":{"rendered":"\t\t<div data-elementor-type=\"wp-page\" data-elementor-id=\"1216\" class=\"elementor elementor-1216\">\n\t\t\t\t\t\t<section class=\"elementor-section elementor-top-section elementor-element elementor-element-322c5787 elementor-section-height-min-height elementor-section-boxed elementor-section-height-default elementor-section-items-middle\" data-id=\"322c5787\" data-element_type=\"section\" data-e-type=\"section\" data-settings=\"{&quot;background_background&quot;:&quot;classic&quot;}\">\n\t\t\t\t\t\t\t<div class=\"elementor-background-overlay\"><\/div>\n\t\t\t\t\t\t\t<div class=\"elementor-container elementor-column-gap-default\">\n\t\t\t\t\t<div class=\"elementor-column elementor-col-100 elementor-top-column elementor-element elementor-element-709cd88c\" data-id=\"709cd88c\" data-element_type=\"column\" data-e-type=\"column\">\n\t\t\t<div class=\"elementor-widget-wrap elementor-element-populated\">\n\t\t\t\t\t\t<div class=\"elementor-element elementor-element-6b98449 elementor-widget elementor-widget-heading\" data-id=\"6b98449\" data-element_type=\"widget\" data-e-type=\"widget\" data-widget_type=\"heading.default\">\n\t\t\t\t<div class=\"elementor-widget-container\">\n\t\t\t\t\t<h2 class=\"elementor-heading-title elementor-size-default\">Custom Painting \/ Auftragsarbeiten<\/h2>\t\t\t\t<\/div>\n\t\t\t\t<\/div>\n\t\t\t\t<div class=\"elementor-element elementor-element-7bacc78c elementor-widget elementor-widget-heading\" data-id=\"7bacc78c\" data-element_type=\"widget\" data-e-type=\"widget\" data-widget_type=\"heading.default\">\n\t\t\t\t<div class=\"elementor-widget-container\">\n\t\t\t\t\t<h1 class=\"elementor-heading-title elementor-size-default\"><br>Meine Arbeit basiert auf gegenseitigem Respekt und Offenheit. Ich distanziere mich ausdr\u00fccklich von rechtsextremem Gedankengut, Diskriminierung und Intoleranz.<br>\nIch arbeite nicht f\u00fcr Personen, Organisationen oder Parteien, die menschenfeindliche Positionen vertreten. In meiner Welt ist kein Platz f\u00fcr Rassismus, Homophobie oder Ausgrenzung aufgrund von Herkunft oder Religion. Jede Form von Vielfalt ist bei mir willkommen.<br><br>Solltest du damit nicht einverstanden sein, melde dich erst gar nicht bei mir!<\/h1>\t\t\t\t<\/div>\n\t\t\t\t<\/div>\n\t\t\t\t\t<\/div>\n\t\t<\/div>\n\t\t\t\t\t<\/div>\n\t\t<\/section>\n\t\t\t\t<section class=\"elementor-section elementor-top-section elementor-element elementor-element-4db5a07 elementor-reverse-tablet elementor-reverse-mobile elementor-section-boxed elementor-section-height-default elementor-section-height-default\" data-id=\"4db5a07\" data-element_type=\"section\" data-e-type=\"section\" data-settings=\"{&quot;background_background&quot;:&quot;classic&quot;}\">\n\t\t\t\t\t\t<div class=\"elementor-container elementor-column-gap-default\">\n\t\t\t\t\t<div class=\"elementor-column elementor-col-100 elementor-top-column elementor-element elementor-element-5826fda\" data-id=\"5826fda\" data-element_type=\"column\" data-e-type=\"column\">\n\t\t\t<div class=\"elementor-widget-wrap elementor-element-populated\">\n\t\t\t\t\t\t<div class=\"elementor-element elementor-element-7b1ed12 elementor-widget elementor-widget-heading\" data-id=\"7b1ed12\" data-element_type=\"widget\" data-e-type=\"widget\" data-widget_type=\"heading.default\">\n\t\t\t\t<div class=\"elementor-widget-container\">\n\t\t\t\t\t<h2 class=\"elementor-heading-title elementor-size-default\">Wichtig!<\/h2>\t\t\t\t<\/div>\n\t\t\t\t<\/div>\n\t\t\t\t<div class=\"elementor-element elementor-element-1861adc elementor-widget elementor-widget-text-editor\" data-id=\"1861adc\" data-element_type=\"widget\" data-e-type=\"widget\" data-widget_type=\"text-editor.default\">\n\t\t\t\t<div class=\"elementor-widget-container\">\n\t\t\t\t\t\t\t\t\t<p class=\"MsoNormal\"><b>So l\u00e4uft ein Kundenauftrag bei mir ab<\/b><\/p><p class=\"MsoNormal\"><b>1. Erstkontakt &amp; R\u00fcckmeldung<\/b><\/p><p class=\"MsoNormal\">Du meldest dich bei mir mit deiner Idee oder deinem Projekt (z. B. Fahrzeug, einzelnes Bauteil).<br \/>Ich melde mich zeitnah zur\u00fcck, stelle bei Bedarf R\u00fcckfragen und gebe dir eine erste Einsch\u00e4tzung, auch zu ungef\u00e4hren Kosten und der Dauer.<\/p><div class=\"MsoNormal\" style=\"text-align: center;\" align=\"center\"><hr align=\"center\" size=\"2\" width=\"100%\" \/><\/div><p class=\"MsoNormal\"><b>2. Brainstorming &amp; Entwurfsphase<\/b><\/p><p class=\"MsoNormal\">Dann besprechen wir gemeinsam die Details des Designs.<br \/>Ich erstelle digitale Entw\u00fcrfe, damit du dir das sp\u00e4tere Ergebnis m\u00f6glichst genau vorstellen kannst, bevor die eigentliche Arbeit beginnt.<br \/><span style=\"font-size: 28px;\"><br \/><b>Was ist m\u00f6glich?<br \/><\/b><\/span><span style=\"font-size: 28px;\">Grunds\u00e4tzlich sind fast alle Designs realisierbar, solange sie zeichnerisch umsetzbar sind. Airbrush bietet dabei sehr gro\u00dfe kreative Freiheit. Der Preis h\u00e4ngt stark vom Motiv, Detailgrad, Farben und Zusatzarbeiten (z. B. Basislack, Instandsetzung) ab.<br \/><\/span><span style=\"font-size: 28px;\"><br \/><b>Keine 1:1 Kopien fremder Werke:<br \/><\/b><\/span><span style=\"font-size: 28px;\">Rechtlich und technisch k\u00f6nnen keine exakten Kopien fremder Designs erstellt werden.<br \/><\/span><span style=\"font-size: 28px;\"><br \/><b>Handarbeit statt Massenproduktion:<br \/><\/b><\/span><span style=\"font-size: 28px;\">Airbrush ist Kunst, reine Handarbeit \u2013 kein computergenerierter Druck oder Folie. Darum kann es auch beim Malen\u00a0 kreativ werden, d.h. kleine Abweichungen vom Entwurf sind wahrscheinlich.<br \/><\/span>Unikate:<span style=\"font-size: 28px;\">Jedes Design ist ein Unikat und wird nur einmal verwendet.<br \/><\/span><span style=\"font-size: 28px;\"><br \/><b>Untergr\u00fcnde:<br \/><\/b><\/span><span style=\"font-size: 28px;\">Airbrush kann auf vielen Materialien angewendet werden (z. B. Helme, Autos, LKWs, Motorr\u00e4der, PC-Geh\u00e4use etc.), aber nicht jeder Untergrund eignet sich gleich gut \u2013 deshalb wird vorher immer gepr\u00fcft.<\/span><\/p><p class=\"MsoListParagraph\" style=\"text-indent: -18.0pt; mso-list: l4 level1 lfo5; tab-stops: list 36.0pt;\"><!-- [if !supportLists]--><span style=\"font-size: 10.0pt; mso-bidi-font-size: 11.0pt; line-height: 107%; font-family: Symbol; mso-fareast-font-family: Symbol; mso-bidi-font-family: Symbol;\">\u00b7<span style=\"font: 7.0pt 'Times New Roman';\">\u00a0\u00a0\u00a0\u00a0\u00a0\u00a0\u00a0\u00a0 <\/span><\/span><!--[endif]--><b>Dauer: <\/b><span style=\"text-decoration: underline;\"><strong>Je nach Umfang und Aufwand kann die Bearbeitungszeit mehrere Wochen oder Monate in Anspruch nehmen. Bitte beachte das ich das im Nebenberuf betreibe und darum mein Hauptberuf prio hat. Schnell ist in der Regel dann auch keine gute Qualit\u00e4t.<\/strong><\/span><\/p><p>\u00a0<\/p><div class=\"MsoNormal\" style=\"text-align: center;\" align=\"center\"><hr align=\"center\" size=\"2\" width=\"100%\" \/><\/div><p class=\"MsoNormal\"><b>3. Auftragsvergabe &amp; \u00dcbergabe<\/b><\/p><p class=\"MsoNormal\">Du erh\u00e4ltst nun ein formales Angebot. Sobald du dich f\u00fcr das Angebot entscheidest:<\/p><ul style=\"margin-top: 0cm;\" type=\"disc\"><li class=\"MsoNormal\">du \u00fcbergibst mir das Projektobjekt (Versand w\u00e4re separat zu kl\u00e4ren falls notwendig)<\/li><li class=\"MsoNormal\">es wird eine Anzahlung von 50 % f\u00e4llig,<\/li><li class=\"MsoNormal\">anschlie\u00dfend beginne ich mit der Umsetzung.<\/li><\/ul><div class=\"MsoNormal\" style=\"text-align: center;\" align=\"center\"><hr align=\"center\" size=\"2\" width=\"100%\" \/><\/div><p class=\"MsoNormal\"><b>4. Zwischenstand &amp; Feedback<\/b><\/p><p class=\"MsoNormal\">W\u00e4hrend der Umsetzung halte ich dich auf dem Laufenden:<\/p><ul style=\"margin-top: 0cm;\" type=\"disc\"><li class=\"MsoNormal\">mit Fotos oder Videos vom aktuellen Stand,<\/li><li class=\"MsoNormal\">und der M\u00f6glichkeit, Feedback zu geben oder kleinere Anpassungen vorzunehmen.<\/li><\/ul><p class=\"MsoNormal\">So bleibt der gesamte Prozess f\u00fcr dich transparent und nachvollziehbar.<\/p><div class=\"MsoNormal\" style=\"text-align: center;\" align=\"center\"><hr align=\"center\" size=\"2\" width=\"100%\" \/><\/div><p class=\"MsoNormal\"><b>5. Finalisierung &amp; Finish<\/b><\/p><p class=\"MsoNormal\">Kurz vor Abschluss:<\/p><ul style=\"margin-top: 0cm;\" type=\"disc\"><li class=\"MsoNormal\">erh\u00e4ltst du nochmals Eindr\u00fccke vom finalen Design,<\/li><li class=\"MsoNormal\">nach deinem OK stimmen wir den Abhol- oder Versandtermin ab.<\/li><li class=\"MsoNormal\">Anschlie\u00dfend folgt die Klarlackversiegelung und das Finish,<br \/>Die Klarlackversiegelung nehme ich nicht selbst vor und muss von einem Lackierer erfolgen. Sofern Ihr keinen eigenen habt, kann ich euch einen vermitteln.<hr align=\"center\" size=\"2\" width=\"100%\" \/><\/li><\/ul><p class=\"MsoNormal\"><b>6. Projektabschluss<\/b><\/p><p class=\"MsoNormal\">Nach Fertigstellung:<\/p><ul style=\"margin-top: 0cm;\" type=\"disc\"><li class=\"MsoNormal\">Nach Klarlackierung entstehen Fotos oder Videos f\u00fcr mein Portfolio oder Social Media,<\/li><li class=\"MsoNormal\">und im pers\u00f6nlichen Austausch feiern wir gemeinsam das Ergebnis.<\/li><\/ul><div class=\"MsoNormal\" style=\"text-align: center;\" align=\"center\"><hr align=\"center\" size=\"2\" width=\"100%\" \/><\/div><p class=\"MsoNormal\"><b>Zahlungsarten:<\/b> Bank\u00fcberweisung, PayPal, Barzahlung bei Abholung.<\/p>\t\t\t\t\t\t\t\t<\/div>\n\t\t\t\t<\/div>\n\t\t\t\t<div class=\"elementor-element elementor-element-ec94ee7 elementor-widget elementor-widget-heading\" data-id=\"ec94ee7\" data-element_type=\"widget\" data-e-type=\"widget\" data-widget_type=\"heading.default\">\n\t\t\t\t<div class=\"elementor-widget-container\">\n\t\t\t\t\t<h2 class=\"elementor-heading-title elementor-size-default\">Und bevor jemand fragt: Ja es ist alles beim Finanzamt angemeldet.<\/h2>\t\t\t\t<\/div>\n\t\t\t\t<\/div>\n\t\t\t\t<div class=\"elementor-element elementor-element-ee6ee55 elementor-widget elementor-widget-heading\" data-id=\"ee6ee55\" data-element_type=\"widget\" data-e-type=\"widget\" data-widget_type=\"heading.default\">\n\t\t\t\t<div class=\"elementor-widget-container\">\n\t\t\t\t\t<h2 class=\"elementor-heading-title elementor-size-default\">____________________________________<\/h2>\t\t\t\t<\/div>\n\t\t\t\t<\/div>\n\t\t\t\t\t<\/div>\n\t\t<\/div>\n\t\t\t\t\t<\/div>\n\t\t<\/section>\n\t\t\t\t<section class=\"elementor-section elementor-top-section elementor-element elementor-element-550093f4 elementor-section-boxed elementor-section-height-default elementor-section-height-default\" data-id=\"550093f4\" data-element_type=\"section\" data-e-type=\"section\" data-settings=\"{&quot;background_background&quot;:&quot;classic&quot;}\">\n\t\t\t\t\t\t\t<div class=\"elementor-background-overlay\"><\/div>\n\t\t\t\t\t\t\t<div class=\"elementor-container elementor-column-gap-default\">\n\t\t\t\t\t<div class=\"elementor-column elementor-col-100 elementor-top-column elementor-element elementor-element-3540c966\" data-id=\"3540c966\" data-element_type=\"column\" data-e-type=\"column\">\n\t\t\t<div class=\"elementor-widget-wrap elementor-element-populated\">\n\t\t\t\t\t\t<div class=\"elementor-element elementor-element-46eb134 elementor-widget elementor-widget-heading\" data-id=\"46eb134\" data-element_type=\"widget\" data-e-type=\"widget\" data-widget_type=\"heading.default\">\n\t\t\t\t<div class=\"elementor-widget-container\">\n\t\t\t\t\t<h2 class=\"elementor-heading-title elementor-size-default\">Gerhard Eujen<\/h2>\t\t\t\t<\/div>\n\t\t\t\t<\/div>\n\t\t\t\t<div class=\"elementor-element elementor-element-61ec5634 elementor-widget elementor-widget-heading\" data-id=\"61ec5634\" data-element_type=\"widget\" data-e-type=\"widget\" data-widget_type=\"heading.default\">\n\t\t\t\t<div class=\"elementor-widget-container\">\n\t\t\t\t\t<h2 class=\"elementor-heading-title elementor-size-default\">Kontakt<\/h2>\t\t\t\t<\/div>\n\t\t\t\t<\/div>\n\t\t\t\t<section class=\"elementor-section elementor-inner-section elementor-element elementor-element-5d5a299e elementor-section-boxed elementor-section-height-default elementor-section-height-default\" data-id=\"5d5a299e\" data-element_type=\"section\" data-e-type=\"section\">\n\t\t\t\t\t\t<div class=\"elementor-container elementor-column-gap-default\">\n\t\t\t\t\t<div class=\"elementor-column elementor-col-100 elementor-inner-column elementor-element elementor-element-536319cd\" data-id=\"536319cd\" data-element_type=\"column\" data-e-type=\"column\">\n\t\t\t<div class=\"elementor-widget-wrap elementor-element-populated\">\n\t\t\t\t\t\t<div class=\"elementor-element elementor-element-4303e41 elementor-icon-list--layout-inline elementor-align-center elementor-tablet-align-center elementor-mobile-align-center elementor-list-item-link-full_width elementor-widget elementor-widget-icon-list\" data-id=\"4303e41\" data-element_type=\"widget\" data-e-type=\"widget\" data-widget_type=\"icon-list.default\">\n\t\t\t\t<div class=\"elementor-widget-container\">\n\t\t\t\t\t\t\t<ul class=\"elementor-icon-list-items elementor-inline-items\">\n\t\t\t\t\t\t\t<li class=\"elementor-icon-list-item elementor-inline-item\">\n\t\t\t\t\t\t\t\t\t\t\t<a href=\"#\">\n\n\t\t\t\t\t\t\t\t\t\t\t\t<span class=\"elementor-icon-list-icon\">\n\t\t\t\t\t\t\t<i aria-hidden=\"true\" class=\"fas fa-phone-square\"><\/i>\t\t\t\t\t\t<\/span>\n\t\t\t\t\t\t\t\t\t\t<span class=\"elementor-icon-list-text\">+ (49) 172 824 1844<\/span>\n\t\t\t\t\t\t\t\t\t\t\t<\/a>\n\t\t\t\t\t\t\t\t\t<\/li>\n\t\t\t\t\t\t\t\t<li class=\"elementor-icon-list-item elementor-inline-item\">\n\t\t\t\t\t\t\t\t\t\t\t<a href=\"#\">\n\n\t\t\t\t\t\t\t\t\t\t\t\t<span class=\"elementor-icon-list-icon\">\n\t\t\t\t\t\t\t<i aria-hidden=\"true\" class=\"far fa-envelope\"><\/i>\t\t\t\t\t\t<\/span>\n\t\t\t\t\t\t\t\t\t\t<span class=\"elementor-icon-list-text\">gerhard.eujen@gmx.de<\/span>\n\t\t\t\t\t\t\t\t\t\t\t<\/a>\n\t\t\t\t\t\t\t\t\t<\/li>\n\t\t\t\t\t\t\t\t<li class=\"elementor-icon-list-item elementor-inline-item\">\n\t\t\t\t\t\t\t\t\t\t\t<a href=\"https:\/\/www.instagram.com\/gerhard_eujen\/\">\n\n\t\t\t\t\t\t\t\t\t\t\t\t<span class=\"elementor-icon-list-icon\">\n\t\t\t\t\t\t\t<i aria-hidden=\"true\" class=\"fab fa-instagram\"><\/i>\t\t\t\t\t\t<\/span>\n\t\t\t\t\t\t\t\t\t\t<span class=\"elementor-icon-list-text\">Instagram<\/span>\n\t\t\t\t\t\t\t\t\t\t\t<\/a>\n\t\t\t\t\t\t\t\t\t<\/li>\n\t\t\t\t\t\t\t\t<li class=\"elementor-icon-list-item elementor-inline-item\">\n\t\t\t\t\t\t\t\t\t\t\t<a href=\"https:\/\/www.facebook.com\/profile.php?id=100004820289659\">\n\n\t\t\t\t\t\t\t\t\t\t\t\t<span class=\"elementor-icon-list-icon\">\n\t\t\t\t\t\t\t<i aria-hidden=\"true\" class=\"fab fa-facebook-f\"><\/i>\t\t\t\t\t\t<\/span>\n\t\t\t\t\t\t\t\t\t\t<span class=\"elementor-icon-list-text\">Facebook<\/span>\n\t\t\t\t\t\t\t\t\t\t\t<\/a>\n\t\t\t\t\t\t\t\t\t<\/li>\n\t\t\t\t\t\t\t\t<li class=\"elementor-icon-list-item elementor-inline-item\">\n\t\t\t\t\t\t\t\t\t\t\t<a href=\"https:\/\/www.youtube.com\/@gerhardeujen\">\n\n\t\t\t\t\t\t\t\t\t\t\t\t<span class=\"elementor-icon-list-icon\">\n\t\t\t\t\t\t\t<i aria-hidden=\"true\" class=\"fab fa-youtube\"><\/i>\t\t\t\t\t\t<\/span>\n\t\t\t\t\t\t\t\t\t\t<span class=\"elementor-icon-list-text\">Youtube<\/span>\n\t\t\t\t\t\t\t\t\t\t\t<\/a>\n\t\t\t\t\t\t\t\t\t<\/li>\n\t\t\t\t\t\t<\/ul>\n\t\t\t\t\t\t<\/div>\n\t\t\t\t<\/div>\n\t\t\t\t<div class=\"elementor-element elementor-element-3a9d7e5c elementor-widget elementor-widget-text-editor\" data-id=\"3a9d7e5c\" data-element_type=\"widget\" data-e-type=\"widget\" data-widget_type=\"text-editor.default\">\n\t\t\t\t<div class=\"elementor-widget-container\">\n\t\t\t\t\t\t\t\t\t<p>Sprech mich gerne an, Ihr erreicht mich am einfachsten via Whatsapp oder email.<\/p>\t\t\t\t\t\t\t\t<\/div>\n\t\t\t\t<\/div>\n\t\t\t\t\t<\/div>\n\t\t<\/div>\n\t\t\t\t\t<\/div>\n\t\t<\/section>\n\t\t\t\t<section class=\"elementor-section elementor-inner-section elementor-element elementor-element-1a96f5e7 elementor-section-boxed elementor-section-height-default elementor-section-height-default\" data-id=\"1a96f5e7\" data-element_type=\"section\" data-e-type=\"section\">\n\t\t\t\t\t\t<div class=\"elementor-container elementor-column-gap-default\">\n\t\t\t\t\t<div class=\"elementor-column elementor-col-100 elementor-inner-column elementor-element elementor-element-5c884e9a\" data-id=\"5c884e9a\" data-element_type=\"column\" data-e-type=\"column\">\n\t\t\t<div class=\"elementor-widget-wrap elementor-element-populated\">\n\t\t\t\t\t\t<div class=\"elementor-element elementor-element-2dfafa94 elementor-widget elementor-widget-text-editor\" data-id=\"2dfafa94\" data-element_type=\"widget\" data-e-type=\"widget\" data-widget_type=\"text-editor.default\">\n\t\t\t\t<div class=\"elementor-widget-container\">\n\t\t\t\t\t\t\t\t\t<p><a href=\"https:\/\/gerhardeujen.de\/impressum\/\">Impressum<\/a><\/p>\t\t\t\t\t\t\t\t<\/div>\n\t\t\t\t<\/div>\n\t\t\t\t\t<\/div>\n\t\t<\/div>\n\t\t\t\t\t<\/div>\n\t\t<\/section>\n\t\t\t\t\t<\/div>\n\t\t<\/div>\n\t\t\t\t\t<\/div>\n\t\t<\/section>\n\t\t\t\t<\/div>\n\t\t","protected":false},"excerpt":{"rendered":"<p>Custom Painting \/ Auftragsarbeiten Meine Arbeit basiert auf gegenseitigem Respekt und Offenheit. Ich distanziere mich ausdr\u00fccklich von rechtsextremem Gedankengut, Diskriminierung und Intoleranz. Ich arbeite nicht f\u00fcr Personen, Organisationen oder Parteien, die menschenfeindliche Positionen vertreten. In meiner Welt ist kein Platz f\u00fcr Rassismus, Homophobie oder Ausgrenzung aufgrund von Herkunft oder Religion. Jede Form von Vielfalt ist [&hellip;]<\/p>\n","protected":false},"author":1,"featured_media":0,"parent":0,"menu_order":0,"comment_status":"closed","ping_status":"closed","template":"","meta":{"ocean_post_layout":"full-screen","ocean_both_sidebars_style":"","ocean_both_sidebars_content_width":0,"ocean_both_sidebars_sidebars_width":0,"ocean_sidebar":"0","ocean_second_sidebar":"0","ocean_disable_margins":"enable","ocean_add_body_class":"","ocean_shortcode_before_top_bar":"","ocean_shortcode_after_top_bar":"","ocean_shortcode_before_header":"","ocean_shortcode_after_header":"","ocean_has_shortcode":"","ocean_shortcode_after_title":"","ocean_shortcode_before_footer_widgets":"","ocean_shortcode_after_footer_widgets":"","ocean_shortcode_before_footer_bottom":"","ocean_shortcode_after_footer_bottom":"","ocean_display_top_bar":"off","ocean_display_header":"default","ocean_header_style":"","ocean_center_header_left_menu":"0","ocean_custom_header_template":"0","ocean_custom_logo":0,"ocean_custom_retina_logo":0,"ocean_custom_logo_max_width":0,"ocean_custom_logo_tablet_max_width":0,"ocean_custom_logo_mobile_max_width":0,"ocean_custom_logo_max_height":0,"ocean_custom_logo_tablet_max_height":0,"ocean_custom_logo_mobile_max_height":0,"ocean_header_custom_menu":"0","ocean_menu_typo_font_family":"0","ocean_menu_typo_font_subset":"","ocean_menu_typo_font_size":0,"ocean_menu_typo_font_size_tablet":0,"ocean_menu_typo_font_size_mobile":0,"ocean_menu_typo_font_size_unit":"px","ocean_menu_typo_font_weight":"","ocean_menu_typo_font_weight_tablet":"","ocean_menu_typo_font_weight_mobile":"","ocean_menu_typo_transform":"","ocean_menu_typo_transform_tablet":"","ocean_menu_typo_transform_mobile":"","ocean_menu_typo_line_height":0,"ocean_menu_typo_line_height_tablet":0,"ocean_menu_typo_line_height_mobile":0,"ocean_menu_typo_line_height_unit":"","ocean_menu_typo_spacing":0,"ocean_menu_typo_spacing_tablet":0,"ocean_menu_typo_spacing_mobile":0,"ocean_menu_typo_spacing_unit":"","ocean_menu_link_color":"","ocean_menu_link_color_hover":"","ocean_menu_link_color_active":"","ocean_menu_link_background":"","ocean_menu_link_hover_background":"","ocean_menu_link_active_background":"","ocean_menu_social_links_bg":"","ocean_menu_social_hover_links_bg":"","ocean_menu_social_links_color":"","ocean_menu_social_hover_links_color":"","ocean_disable_title":"on","ocean_disable_heading":"default","ocean_post_title":"","ocean_post_subheading":"","ocean_post_title_style":"","ocean_post_title_background_color":"","ocean_post_title_background":0,"ocean_post_title_bg_image_position":"","ocean_post_title_bg_image_attachment":"","ocean_post_title_bg_image_repeat":"","ocean_post_title_bg_image_size":"","ocean_post_title_height":0,"ocean_post_title_bg_overlay":0.5,"ocean_post_title_bg_overlay_color":"","ocean_disable_breadcrumbs":"default","ocean_breadcrumbs_color":"","ocean_breadcrumbs_separator_color":"","ocean_breadcrumbs_links_color":"","ocean_breadcrumbs_links_hover_color":"","ocean_display_footer_widgets":"off","ocean_display_footer_bottom":"off","ocean_custom_footer_template":"0","footnotes":""},"class_list":["post-1216","page","type-page","status-publish","hentry","entry"],"_links":{"self":[{"href":"https:\/\/gerhardeujen.de\/en\/wp-json\/wp\/v2\/pages\/1216","targetHints":{"allow":["GET"]}}],"collection":[{"href":"https:\/\/gerhardeujen.de\/en\/wp-json\/wp\/v2\/pages"}],"about":[{"href":"https:\/\/gerhardeujen.de\/en\/wp-json\/wp\/v2\/types\/page"}],"author":[{"embeddable":true,"href":"https:\/\/gerhardeujen.de\/en\/wp-json\/wp\/v2\/users\/1"}],"replies":[{"embeddable":true,"href":"https:\/\/gerhardeujen.de\/en\/wp-json\/wp\/v2\/comments?post=1216"}],"version-history":[{"count":16,"href":"https:\/\/gerhardeujen.de\/en\/wp-json\/wp\/v2\/pages\/1216\/revisions"}],"predecessor-version":[{"id":1239,"href":"https:\/\/gerhardeujen.de\/en\/wp-json\/wp\/v2\/pages\/1216\/revisions\/1239"}],"wp:attachment":[{"href":"https:\/\/gerhardeujen.de\/en\/wp-json\/wp\/v2\/media?parent=1216"}],"curies":[{"name":"wp","href":"https:\/\/api.w.org\/{rel}","templated":true}]}}